{"id":827,"date":"2025-04-29T12:07:59","date_gmt":"2025-04-29T10:07:59","guid":{"rendered":"https:\/\/www.dipujaen.es\/forolince\/?page_id=827"},"modified":"2025-04-29T13:19:33","modified_gmt":"2025-04-29T11:19:33","slug":"informacion-adicional-autorizacion-tratamiento-de-datos-personales-base-de-datos","status":"publish","type":"page","link":"https:\/\/www.dipujaen.es\/forolince\/informacion-adicional-autorizacion-tratamiento-de-datos-personales-base-de-datos\/","title":{"rendered":"Informaci\u00f3n adicional sobre la autorizaci\u00f3n para el tratamiento de datos personales por la Diputaci\u00f3n Provincial de Ja\u00e9n para la creaci\u00f3n de una base de datos para la informaci\u00f3n de futuras actividades programadas por el \u00e1rea de empleo y empresa"},"content":{"rendered":"\t\t<div data-elementor-type=\"wp-page\" data-elementor-id=\"827\" class=\"elementor elementor-827\" data-elementor-post-type=\"page\">\n\t\t\t\t<div class=\"elementor-element elementor-element-5b1c795 e-flex e-con-boxed e-con e-parent\" data-id=\"5b1c795\" data-element_type=\"container\" data-e-type=\"container\">\n\t\t\t\t\t<div class=\"e-con-inner\">\n\t\t\t\t<div class=\"elementor-element elementor-element-72cfb20 elementor-widget elementor-widget-heading\" data-id=\"72cfb20\" data-element_type=\"widget\" data-e-type=\"widget\" data-widget_type=\"heading.default\">\n\t\t\t\t<div class=\"elementor-widget-container\">\n\t\t\t\t\t<h2 class=\"elementor-heading-title elementor-size-default\">Informaci\u00f3n adicional sobre la autorizaci\u00f3n para el tratamiento de datos personales por la Diputaci\u00f3n Provincial de Ja\u00e9n para la creaci\u00f3n de una base de datos para la informaci\u00f3n de futuras actividades programadas por el \u00e1rea de empleo y empresa<\/h2>\t\t\t\t<\/div>\n\t\t\t\t<\/div>\n\t\t\t\t<div class=\"elementor-element elementor-element-c6e2e84 elementor-widget elementor-widget-heading\" data-id=\"c6e2e84\" data-element_type=\"widget\" data-e-type=\"widget\" data-widget_type=\"heading.default\">\n\t\t\t\t<div class=\"elementor-widget-container\">\n\t\t\t\t\t<h5 class=\"elementor-heading-title elementor-size-default\">RESPONSABLE<\/h5>\t\t\t\t<\/div>\n\t\t\t\t<\/div>\n\t\t\t\t<div class=\"elementor-element elementor-element-befb924 elementor-widget elementor-widget-text-editor\" data-id=\"befb924\" data-element_type=\"widget\" data-e-type=\"widget\" data-widget_type=\"text-editor.default\">\n\t\t\t\t<div class=\"elementor-widget-container\">\n\t\t\t\t\t\t\t\t\t<p>El Responsable del Tratamiento es la Diputaci\u00f3n Provincial de Ja\u00e9n, Plaza de San Francisco s\/n 23071 \u2013 Ja\u00e9n, siendo el representante su Presidente. Conforme a lo dispuesto en el art\u00edculo 37 del REGLAMENTO (UE) 2016\/679 DEL PARLAMENTO EUROPEO Y DEL CONSEJO de 27 de abril de 2016, se ha designado a la SECRETARIA GENERAL DE LA CORPORACI\u00d3N, como Delegada de Protecci\u00f3n de Datos. Para el ejercicio de los derechos previstos en el mismos en cualquier momento el interesado podr\u00e1 ejercer sus derechos de acceso, rectificaci\u00f3n, supresi\u00f3n, limitaci\u00f3n de su tratamiento, oposici\u00f3n, retirada del consentimiento y portabilidad de sus datos mediante la presentaci\u00f3n en el Registro Electr\u00f3nico General\u00a0 del correspondiente formulario que aparece en el ep\u00edgrafe \u201cProtecci\u00f3n de datos\u201d al pie de la web de la Sede Electr\u00f3nica de la Diputaci\u00f3n Provincial de Ja\u00e9n o mediante la remisi\u00f3n del mismo a trav\u00e9s de la direcci\u00f3n de correo electr\u00f3nico: <a href=\"mailto:dpd@dipujaen.es\">dpd@dipujaen.es<\/a> (esta direcci\u00f3n\u00a0 de correo electr\u00f3nico estar\u00e1 disponible, exclusivamente, para consultas relacionadas con la protecci\u00f3n de datos personales).<\/p>\t\t\t\t\t\t\t\t<\/div>\n\t\t\t\t<\/div>\n\t\t\t\t<div class=\"elementor-element elementor-element-540bbde elementor-widget elementor-widget-heading\" data-id=\"540bbde\" data-element_type=\"widget\" data-e-type=\"widget\" data-widget_type=\"heading.default\">\n\t\t\t\t<div class=\"elementor-widget-container\">\n\t\t\t\t\t<h5 class=\"elementor-heading-title elementor-size-default\">FINALIDAD DEL TRATAMIENTO<\/h5>\t\t\t\t<\/div>\n\t\t\t\t<\/div>\n\t\t\t\t<div class=\"elementor-element elementor-element-c8fcfc1 elementor-widget elementor-widget-text-editor\" data-id=\"c8fcfc1\" data-element_type=\"widget\" data-e-type=\"widget\" data-widget_type=\"text-editor.default\">\n\t\t\t\t<div class=\"elementor-widget-container\">\n\t\t\t\t\t\t\t\t\t<p>La finalidad del tratamiento es la creaci\u00f3n de una base de datos para informar sobre futuras actividades programadas por el \u00c1rea de Empleo y Empresa de la Diputaci\u00f3n Provincial de Ja\u00e9n.<br \/><br \/>Los datos se conservar\u00e1n durante el tiempo que sea necesario para cumplir con la finalidad para la que se recabaron y, en su caso, para determinar las posibles responsabilidades que se pudieran derivar de dicha finalidad y del tratamiento de los datos. Ser\u00e1 de aplicaci\u00f3n lo dispuesto en la normativa de archivos y documentaci\u00f3n.<\/p>\t\t\t\t\t\t\t\t<\/div>\n\t\t\t\t<\/div>\n\t\t\t\t<div class=\"elementor-element elementor-element-6fdf266 elementor-widget elementor-widget-heading\" data-id=\"6fdf266\" data-element_type=\"widget\" data-e-type=\"widget\" data-widget_type=\"heading.default\">\n\t\t\t\t<div class=\"elementor-widget-container\">\n\t\t\t\t\t<h5 class=\"elementor-heading-title elementor-size-default\">LEGITIMACI\u00d3N<\/h5>\t\t\t\t<\/div>\n\t\t\t\t<\/div>\n\t\t\t\t<div class=\"elementor-element elementor-element-b684f82 elementor-widget elementor-widget-text-editor\" data-id=\"b684f82\" data-element_type=\"widget\" data-e-type=\"widget\" data-widget_type=\"text-editor.default\">\n\t\t\t\t<div class=\"elementor-widget-container\">\n\t\t\t\t\t\t\t\t\t<p>Conforme a lo previsto en el art\u00edculo 6.1 del REGLAMENTO (UE) 2016\/679 DEL PARLAMENTO EUROPEO Y DEL CONSEJO de 27 de abril de 2016 y en el art\u00edculo 6 de la Ley Org\u00e1nica 3\/2018, de 5 de diciembre, de Protecci\u00f3n de Datos Personales y garant\u00eda de los derechos digitales.<\/p><p>El tratamiento encuentra su base de legitimaci\u00f3n en:<\/p><p style=\"padding-left: 40px;\">a)\u00a0 El interesado dio su consentimiento para el tratamiento de sus datos personales para esta finalidad.<br \/><br \/><\/p><p>El interesado da su consentimiento expreso al tratamiento de los datos personales para que la Diputaci\u00f3n Provincial de Ja\u00e9n proceda a la creaci\u00f3n de una base de datos para informar sobre futuras actividades programadas por el \u00c1rea de Empleo y Empresa.<\/p>\t\t\t\t\t\t\t\t<\/div>\n\t\t\t\t<\/div>\n\t\t\t\t<div class=\"elementor-element elementor-element-933c105 elementor-widget elementor-widget-heading\" data-id=\"933c105\" data-element_type=\"widget\" data-e-type=\"widget\" data-widget_type=\"heading.default\">\n\t\t\t\t<div class=\"elementor-widget-container\">\n\t\t\t\t\t<h5 class=\"elementor-heading-title elementor-size-default\">DESTINATARIOS DE CESIONES O TRANSFERENCIAS<\/h5>\t\t\t\t<\/div>\n\t\t\t\t<\/div>\n\t\t\t\t<div class=\"elementor-element elementor-element-cd4ccaa elementor-widget elementor-widget-text-editor\" data-id=\"cd4ccaa\" data-element_type=\"widget\" data-e-type=\"widget\" data-widget_type=\"text-editor.default\">\n\t\t\t\t<div class=\"elementor-widget-container\">\n\t\t\t\t\t\t\t\t\t<p>Los datos personales contenidos en esta solicitud no se ceder\u00e1n a terceros, siendo utilizados \u00fanicamente para la creaci\u00f3n de la base de datos y remisi\u00f3n de informaci\u00f3n sobre futuras actividades programadas por el \u00c1rea de Empleo y Empresa.<br \/><br \/>No se prev\u00e9 la transferencia internacional de los datos personales.<\/p>\t\t\t\t\t\t\t\t<\/div>\n\t\t\t\t<\/div>\n\t\t\t\t<div class=\"elementor-element elementor-element-50c1ca0 elementor-widget elementor-widget-heading\" data-id=\"50c1ca0\" data-element_type=\"widget\" data-e-type=\"widget\" data-widget_type=\"heading.default\">\n\t\t\t\t<div class=\"elementor-widget-container\">\n\t\t\t\t\t<h5 class=\"elementor-heading-title elementor-size-default\">DERECHOS<\/h5>\t\t\t\t<\/div>\n\t\t\t\t<\/div>\n\t\t\t\t<div class=\"elementor-element elementor-element-cf11aac vineta elementor-widget elementor-widget-text-editor\" data-id=\"cf11aac\" data-element_type=\"widget\" data-e-type=\"widget\" data-widget_type=\"text-editor.default\">\n\t\t\t\t<div class=\"elementor-widget-container\">\n\t\t\t\t\t\t\t\t\t<p>En cualquier momento el interesado podr\u00e1 ejercer los derechos recogidos en los art\u00edculos 15 y siguientes del Reglamento (UE) 2016\/679, de 27 de abril de 2016, s\u00ed como los se\u00f1alados en el art\u00edculo 12 y siguientes de la Ley org\u00e1nica 3\/2018, de 5 de diciembre, de Protecci\u00f3n de Datos Personales y garant\u00eda de los derechos digitales, mediante la presentaci\u00f3n de escrito en el Registro Electr\u00f3nico General del correspondiente formulario que aparece en el ep\u00edgrafe \u201cProtecci\u00f3n de datos\u201d al pie de la web de la Sede Electr\u00f3nica de la Diputaci\u00f3n Provincial de Ja\u00e9n o mediante la remisi\u00f3n del mismo a trav\u00e9s de la direcci\u00f3n de correo electr\u00f3nico: <a href=\"mailto:dpd@dipujaen.es\">dpd@dipujaen.es<\/a> (esta direcci\u00f3n\u00a0 de correo electr\u00f3nico estar\u00e1 disponible, exclusivamente, para consultas relacionadas con la protecci\u00f3n de datos personales) Estos derechos son los que a continuaci\u00f3n se indican:<\/p><ul><li>Derecho a obtener del responsable del tratamiento confirmaci\u00f3n de\u00a0 si se est\u00e1n o no tratando datos personales que le conciernen y, en tal caso derecho de acceso a los mismos y, a la siguiente informaci\u00f3n: los fines del tratamiento, categor\u00edas de datos personales que se traten y de las posibles comunicaciones de datos y sus destinatarios. De ser posible, ser informado del plazo de conservaci\u00f3n de sus datos. De no ser posible, los criterios para determinar este plazo.<\/li><li>Derecho a retirar el consentimiento en cualquier momento, sin que ello afecte a la licitud del tratamiento basado en el consentimiento previo a su retirada tal y conforme dispone el art\u00edculo 13.2 c) del RGPD.<\/li><li>Derecho a obtener sin dilaci\u00f3n indebida la rectificaci\u00f3n de los datos personales inexactos que le conciernan y, en caso de ser incompletos a que se completen, inclusive mediante una declaraci\u00f3n adicional.<\/li><li>Derecho de supresi\u00f3n de los datos personales sin dilaci\u00f3n indebida en los supuestos contemplados en el art\u00edculo 17, salvo las excepciones recogidas en el mismo.<\/li><li>Derecho a la limitaci\u00f3n del tratamiento, que comprende: El derecho a solicitar la suspensi\u00f3n del tratamiento cuando; 1. Se impugne la exactitud de los datos, mientras se verifica dicha exactitud por el responsable. 2. El interesado ha ejercitado su derecho de oposici\u00f3n, mientras se verifica si los motivos leg\u00edtimos del responsable prevalecen sobre el afectado. El derecho a solicitar la conservaci\u00f3n de los datos personales cuando; 1. El tratamiento sea il\u00edcito y el afectado se oponga a la supresi\u00f3n de sus datos y solicite en su lugar la limitaci\u00f3n de su uso. 2. El responsable ya no necesita los datos para los fines del tratamiento pero el afectado si los necesita para la formulaci\u00f3n, ejercicio o defensa de reclamaciones.<\/li><li>Derecho a la portabilidad de sus datos, es decir, derecho a recibir los datos personales que le incumban y que haya facilitado al responsable del tratamiento, en un formato estructurado, de uso com\u00fan y lectura mec\u00e1nica y, a transmitirlos a otro responsable del tratamiento sin que pueda impedirlo el responsable al que se los hubiera facilitado en los casos que dispone el art\u00edculo 20, siempre y cuando no afecte negativamente a los derechos y libertades de otros.<\/li><li>Derecho a oponerse en cualquier momento, por motivos relacionados con su situaci\u00f3n particular y personal, a que datos personales que le conciernan sean objeto de tratamiento salvo que se acredite un inter\u00e9s leg\u00edtimo o, sea necesario para el ejercicio o defensa de reclamaciones. Derecho a oponerse al tratamiento cuando este tenga por objeto la mercadotecnia directa.<\/li><\/ul><p>\u00a0<\/p><p>Recibida la solicitud de cualquiera de las actuaciones anteriores, la Diputaci\u00f3n de Ja\u00e9n responder\u00e1 en el plazo de un mes a partir de la recepci\u00f3n de la misma. No obstante, dicho plazo podr\u00e1 ampliarse otros dos meses en caso necesario, teniendo en cuenta la complejidad y el n\u00famero de solicitudes. En este caso, se informar\u00e1 al ciudadano de la citada pr\u00f3rroga en el plazo de un mes a partir de la recepci\u00f3n de la solicitud, indicando los motivos de la dilaci\u00f3n. Si el ciudadano presentase la solicitud por medios electr\u00f3nicos, la informaci\u00f3n se facilitar\u00e1 por medios electr\u00f3nicos cuando sea posible, a menos que este solicite que se facilite por otro medio.<br \/><br \/>En caso de considerar vulnerado su derecho a la protecci\u00f3n de datos personales, podr\u00e1 interponer una reclamaci\u00f3n ante el Consejo de Transparencia y Protecci\u00f3n de Datos de Andaluc\u00eda. <a href=\"https:\/\/www.ctpdandalucia.es\/\">https:\/\/www.ctpdandalucia.es\/<\/a><\/p>\t\t\t\t\t\t\t\t<\/div>\n\t\t\t\t<\/div>\n\t\t\t\t\t<\/div>\n\t\t\t\t<\/div>\n\t\t\t\t<\/div>\n\t\t","protected":false},"excerpt":{"rendered":"<p>Informaci\u00f3n adicional sobre la autorizaci\u00f3n para el tratamiento de datos personales por la Diputaci\u00f3n Provincial de Ja\u00e9n para la creaci\u00f3n de una base de datos para la informaci\u00f3n de futuras actividades programadas por el \u00e1rea de empleo y empresa RESPONSABLE El Responsable del Tratamiento es la Diputaci\u00f3n Provincial de Ja\u00e9n, Plaza de San Francisco s\/n [&hellip;]<\/p>\n","protected":false},"author":1,"featured_media":0,"parent":0,"menu_order":0,"comment_status":"closed","ping_status":"closed","template":"","meta":{"footnotes":""},"class_list":["post-827","page","type-page","status-publish","hentry"],"_links":{"self":[{"href":"https:\/\/www.dipujaen.es\/forolince\/wp-json\/wp\/v2\/pages\/827","targetHints":{"allow":["GET"]}}],"collection":[{"href":"https:\/\/www.dipujaen.es\/forolince\/wp-json\/wp\/v2\/pages"}],"about":[{"href":"https:\/\/www.dipujaen.es\/forolince\/wp-json\/wp\/v2\/types\/page"}],"author":[{"embeddable":true,"href":"https:\/\/www.dipujaen.es\/forolince\/wp-json\/wp\/v2\/users\/1"}],"replies":[{"embeddable":true,"href":"https:\/\/www.dipujaen.es\/forolince\/wp-json\/wp\/v2\/comments?post=827"}],"version-history":[{"count":8,"href":"https:\/\/www.dipujaen.es\/forolince\/wp-json\/wp\/v2\/pages\/827\/revisions"}],"predecessor-version":[{"id":874,"href":"https:\/\/www.dipujaen.es\/forolince\/wp-json\/wp\/v2\/pages\/827\/revisions\/874"}],"wp:attachment":[{"href":"https:\/\/www.dipujaen.es\/forolince\/wp-json\/wp\/v2\/media?parent=827"}],"curies":[{"name":"wp","href":"https:\/\/api.w.org\/{rel}","templated":true}]}}