{"id":302,"date":"2025-04-09T13:42:34","date_gmt":"2025-04-09T11:42:34","guid":{"rendered":"https:\/\/www.dipujaen.es\/forolince\/?page_id=302"},"modified":"2025-11-11T14:04:41","modified_gmt":"2025-11-11T13:04:41","slug":"mapa-del-sitio","status":"publish","type":"page","link":"https:\/\/www.dipujaen.es\/forolince\/mapa-del-sitio\/","title":{"rendered":"Mapa del Sitio"},"content":{"rendered":"\t\t<div data-elementor-type=\"wp-page\" data-elementor-id=\"302\" class=\"elementor elementor-302\" data-elementor-post-type=\"page\">\n\t\t\t\t<div class=\"elementor-element elementor-element-f3bdceb e-flex e-con-boxed e-con e-parent\" data-id=\"f3bdceb\" data-element_type=\"container\" data-e-type=\"container\">\n\t\t\t\t\t<div class=\"e-con-inner\">\n\t\t\t\t<div class=\"elementor-element elementor-element-3eb91fe2 elementor-widget elementor-widget-heading\" data-id=\"3eb91fe2\" data-element_type=\"widget\" data-e-type=\"widget\" data-widget_type=\"heading.default\">\n\t\t\t\t<div class=\"elementor-widget-container\">\n\t\t\t\t\t<h1 class=\"elementor-heading-title elementor-size-default\">Mapa del Sitio<\/h1>\t\t\t\t<\/div>\n\t\t\t\t<\/div>\n\t\t\t\t<div class=\"elementor-element elementor-element-8d4e42e vineta elementor-widget elementor-widget-sitemap\" data-id=\"8d4e42e\" data-element_type=\"widget\" data-e-type=\"widget\" data-widget_type=\"sitemap.default\">\n\t\t\t\t<div class=\"elementor-widget-container\">\n\t\t\t\t\t<div class=\"elementor-sitemap-wrap\"><div class=\"elementor-sitemap-section\"><h2 class=\"elementor-sitemap-title elementor-sitemap-page-title\">P\u00e1ginas<\/h2><ul class=\"elementor-sitemap-list elementor-sitemap-page-list\"><li class=\"elementor-sitemap-item elementor-sitemap-item-page page_item page-item-281\"><a href=\"https:\/\/www.dipujaen.es\/forolince\/aviso-legal\/\">Aviso Legal<\/a><\/li><li class=\"elementor-sitemap-item elementor-sitemap-item-page page_item page-item-393\"><a href=\"https:\/\/www.dipujaen.es\/forolince\/contacto\/\">Contacto<\/a><\/li><li class=\"elementor-sitemap-item elementor-sitemap-item-page page_item page-item-291\"><a href=\"https:\/\/www.dipujaen.es\/forolince\/declaracion-de-accesibilidad\/\">Declaraci\u00f3n de Accesibilidad<\/a><\/li><li class=\"elementor-sitemap-item elementor-sitemap-item-page page_item page-item-2033\"><a href=\"https:\/\/www.dipujaen.es\/forolince\/del-entrenamiento-al-exito-empresarial-constancia-proposito-y-gestion-del-talento\/\">Del entrenamiento al \u00e9xito empresarial: constancia, prop\u00f3sito y gesti\u00f3n del talento<\/a><\/li><li class=\"elementor-sitemap-item elementor-sitemap-item-page page_item page-item-484\"><a href=\"https:\/\/www.dipujaen.es\/forolince\/edicion-anterior\/\">Edici\u00f3n Anterior<\/a><\/li><li class=\"elementor-sitemap-item elementor-sitemap-item-page page_item page-item-261\"><a href=\"https:\/\/www.dipujaen.es\/forolince\/formacion-2025\/\">Formaci\u00f3n 2025<\/a><\/li><li class=\"elementor-sitemap-item elementor-sitemap-item-page page_item page-item-1480\"><a href=\"https:\/\/www.dipujaen.es\/forolince\/informacion-adicional-forinformacion-adicional-y-detallada-sobre-proteccion-de-datos\/\">Informaci\u00f3n adicional forinformaci\u00f3n adicional y detallada sobre Protecci\u00f3n de Datos<\/a><\/li><li class=\"elementor-sitemap-item elementor-sitemap-item-page page_item page-item-822\"><a href=\"https:\/\/www.dipujaen.es\/forolince\/informacion-adicional-autorizacion-tratamiento-de-datos-personales-difusion-imagen\/\">Informaci\u00f3n adicional sobre la autorizaci\u00f3n para el tratamiento de datos personales por la Diputaci\u00f3n Provincial de Ja\u00e9n para la captaci\u00f3n y difusi\u00f3n de mi imagen en las actividades programadas por el \u00e1rea de empleo y empresa relativas a la &#8220;Participaci\u00f3n en Foro Lince 2025&#8221;<\/a><\/li><li class=\"elementor-sitemap-item elementor-sitemap-item-page page_item page-item-827\"><a href=\"https:\/\/www.dipujaen.es\/forolince\/informacion-adicional-autorizacion-tratamiento-de-datos-personales-base-de-datos\/\">Informaci\u00f3n adicional sobre la autorizaci\u00f3n para el tratamiento de datos personales por la Diputaci\u00f3n Provincial de Ja\u00e9n para la creaci\u00f3n de una base de datos para la informaci\u00f3n de futuras actividades programadas por el \u00e1rea de empleo y empresa<\/a><\/li><li class=\"elementor-sitemap-item elementor-sitemap-item-page page_item page-item-817\"><a href=\"https:\/\/www.dipujaen.es\/forolince\/informacion-adicional-proteccion-de-datos-formulario\/\">Informaci\u00f3n adicional sobre la protecci\u00f3n de datos del formulario de inscripciones<\/a><\/li><li class=\"elementor-sitemap-item elementor-sitemap-item-page page_item page-item-1203\"><a href=\"https:\/\/www.dipujaen.es\/forolince\/\">Inicio<\/a><\/li><li class=\"elementor-sitemap-item elementor-sitemap-item-page page_item page-item-1242\"><a href=\"https:\/\/www.dipujaen.es\/forolince\/inscripciones\/\">Inscripciones<\/a><\/li><li class=\"elementor-sitemap-item elementor-sitemap-item-page page_item page-item-302\"><a href=\"https:\/\/www.dipujaen.es\/forolince\/mapa-del-sitio\/\">Mapa del Sitio<\/a><\/li><li class=\"elementor-sitemap-item elementor-sitemap-item-page page_item page-item-1557\"><a href=\"https:\/\/www.dipujaen.es\/forolince\/patrocinadores-y-premios\/\">Patrocinadores y premios<\/a><\/li><li class=\"elementor-sitemap-item elementor-sitemap-item-page page_item page-item-275\"><a href=\"https:\/\/www.dipujaen.es\/forolince\/politica-de-cookies\/\">Pol\u00edtica de Cookies<\/a><\/li><li class=\"elementor-sitemap-item elementor-sitemap-item-page page_item page-item-3\"><a href=\"https:\/\/www.dipujaen.es\/forolince\/proteccion-de-datos\/\">Protecci\u00f3n de datos<\/a><\/li><li class=\"elementor-sitemap-item elementor-sitemap-item-page page_item page-item-1008\"><a href=\"https:\/\/www.dipujaen.es\/forolince\/taller-de-financiacion-sostenible\/\">Taller de &#8220;Financiaci\u00f3n sostenible&#8221;<\/a><\/li><li class=\"elementor-sitemap-item elementor-sitemap-item-page page_item page-item-979\"><a href=\"https:\/\/www.dipujaen.es\/forolince\/taller-de-habilidades-directivas\/\">Taller de &#8220;Habilidades directivas&#8221;<\/a><\/li><li class=\"elementor-sitemap-item elementor-sitemap-item-page page_item page-item-973\"><a href=\"https:\/\/www.dipujaen.es\/forolince\/taller-de-marketing-branding-la-imagen-de-tu-marca\/\">Taller de Marketing &#8220;Branding: La imagen de tu marca&#8221;<\/a><\/li><li class=\"elementor-sitemap-item elementor-sitemap-item-page page_item page-item-1032\"><a href=\"https:\/\/www.dipujaen.es\/forolince\/taller-de-marketing-digital\/\">Taller de Marketing Digital<\/a><\/li><li class=\"elementor-sitemap-item elementor-sitemap-item-page page_item page-item-962\"><a href=\"https:\/\/www.dipujaen.es\/forolince\/taller-de-oratoria-el-don-de-la-palabra-te-vendo-mi-proyecto\/\">Taller de Oratoria. El don de la palabra &#8220;Te vendo mi proyecto&#8221;<\/a><\/li><li class=\"elementor-sitemap-item elementor-sitemap-item-page page_item page-item-1014\"><a href=\"https:\/\/www.dipujaen.es\/forolince\/workshop-de-crecimiento-profesional\/\">Workshop de &#8220;Crecimiento profesional&#8221;<\/a><\/li><\/ul><\/div><\/div>\t\t\t\t<\/div>\n\t\t\t\t<\/div>\n\t\t\t\t\t<\/div>\n\t\t\t\t<\/div>\n\t\t\t\t<\/div>\n\t\t","protected":false},"excerpt":{"rendered":"<p>Mapa del Sitio<\/p>\n","protected":false},"author":1,"featured_media":0,"parent":0,"menu_order":0,"comment_status":"closed","ping_status":"closed","template":"","meta":{"footnotes":""},"class_list":["post-302","page","type-page","status-publish","hentry"],"_links":{"self":[{"href":"https:\/\/www.dipujaen.es\/forolince\/wp-json\/wp\/v2\/pages\/302","targetHints":{"allow":["GET"]}}],"collection":[{"href":"https:\/\/www.dipujaen.es\/forolince\/wp-json\/wp\/v2\/pages"}],"about":[{"href":"https:\/\/www.dipujaen.es\/forolince\/wp-json\/wp\/v2\/types\/page"}],"author":[{"embeddable":true,"href":"https:\/\/www.dipujaen.es\/forolince\/wp-json\/wp\/v2\/users\/1"}],"replies":[{"embeddable":true,"href":"https:\/\/www.dipujaen.es\/forolince\/wp-json\/wp\/v2\/comments?post=302"}],"version-history":[{"count":19,"href":"https:\/\/www.dipujaen.es\/forolince\/wp-json\/wp\/v2\/pages\/302\/revisions"}],"predecessor-version":[{"id":1858,"href":"https:\/\/www.dipujaen.es\/forolince\/wp-json\/wp\/v2\/pages\/302\/revisions\/1858"}],"wp:attachment":[{"href":"https:\/\/www.dipujaen.es\/forolince\/wp-json\/wp\/v2\/media?parent=302"}],"curies":[{"name":"wp","href":"https:\/\/api.w.org\/{rel}","templated":true}]}}