{"id":3,"date":"2025-04-08T10:08:55","date_gmt":"2025-04-08T08:08:55","guid":{"rendered":"https:\/\/www.dipujaen.es\/forolince\/?page_id=3"},"modified":"2025-11-11T13:43:36","modified_gmt":"2025-11-11T12:43:36","slug":"proteccion-de-datos","status":"publish","type":"page","link":"https:\/\/www.dipujaen.es\/forolince\/proteccion-de-datos\/","title":{"rendered":"Protecci\u00f3n de datos"},"content":{"rendered":"\t\t<div data-elementor-type=\"wp-page\" data-elementor-id=\"3\" class=\"elementor elementor-3\" data-elementor-post-type=\"page\">\n\t\t\t\t<div class=\"elementor-element elementor-element-2afefc24 e-flex e-con-boxed e-con e-parent\" data-id=\"2afefc24\" data-element_type=\"container\" data-e-type=\"container\">\n\t\t\t\t\t<div class=\"e-con-inner\">\n\t\t\t\t<div class=\"elementor-element elementor-element-690c6fa elementor-widget elementor-widget-heading\" data-id=\"690c6fa\" data-element_type=\"widget\" data-e-type=\"widget\" data-widget_type=\"heading.default\">\n\t\t\t\t<div class=\"elementor-widget-container\">\n\t\t\t\t\t<h1 class=\"elementor-heading-title elementor-size-default\">Protecci\u00f3n de datos<\/h1>\t\t\t\t<\/div>\n\t\t\t\t<\/div>\n\t\t\t\t<div class=\"elementor-element elementor-element-80fd335 colorenlace elementor-widget elementor-widget-text-editor\" data-id=\"80fd335\" data-element_type=\"widget\" data-e-type=\"widget\" data-widget_type=\"text-editor.default\">\n\t\t\t\t<div class=\"elementor-widget-container\">\n\t\t\t\t\t\t\t\t\t<p>Esta web puede ofertar servicios que requieren el suministro de datos de car\u00e1cter personal indic\u00e1ndose, en dicho caso, el uso y tratamiento de los mismos. Dichos datos ser\u00e1n utilizados en la forma, con la finalidad y con las limitaciones y derechos que recoge el Reglamento (UE) 2016\/679, del Parlamento Europeo y del Consejo, de 27 de abril de 2016, relativo a la protecci\u00f3n de las personas f\u00edsicas en lo que respecta a sus datos personales y a la libre circulaci\u00f3n de estos datos y por el que se deroga la Directiva 95\/46\/CE (Reglamento General de Protecci\u00f3n de Datos) as\u00ed como en la Ley Org\u00e1nica 3\/2018, de 5 de diciembre, de Protecci\u00f3n de Datos Personales y garant\u00eda de los derechos digitales.<\/p><p>En cumplimiento del art\u00edculo 30 del RGPD as\u00ed como lo dispuesto en el art\u00edculo 31 de la Ley org\u00e1nica de Protecci\u00f3n de Datos Personales y garant\u00eda de los derechos digitales, la Diputaci\u00f3n de Ja\u00e9n\u00a0 hace p\u00fablico un inventario de sus actividades de tratamiento accesible por medios electr\u00f3nicos.<\/p><p><a href=\"https:\/\/www.dipujaen.es\/export\/sites\/default\/galerias\/galeriaDescargas\/diputacion\/dipujaen\/Proteccion_Datos\/Actualizacion_RAT_abril25.pdf\" target=\"_blank\" rel=\"noopener\">Acceda al Registro de Actividades de Tratamiento de Diputaci\u00f3n Provincial<\/a>\u00a0(PDF)<\/p><p>Este documento fue aprobado por Resoluci\u00f3n del Sr. Presidente de la Diputaci\u00f3n Provincial n\u00ba\u00a0 205, de 15 de abril de 2025.<\/p><p>En cumplimiento del art\u00edculo 37 del RGPD y del art\u00edculo 34 de la Ley Org\u00e1nica de Protecci\u00f3n de Datos Personales y Garant\u00eda de los derechos digitales, la Resoluci\u00f3n del Sr. Presidente n\u00ba 1144, de 16 de septiembre de 2021, designa como\u00a0<strong>Delegado de Protecci\u00f3n de Datos<\/strong>\u00a0a la Secretar\u00eda General de esta Diputaci\u00f3n Provincial de J\u00e1en, pudi\u00e9ndose contactar a trav\u00e9s de la direcci\u00f3n electr\u00f3nica:\u00a0<a href=\"mailto:dpd@dipujaen.es\">dpd@dipujaen.es<\/a>.<\/p><p><a href=\"https:\/\/www.dipujaen.es\/export\/sites\/default\/galerias\/galeriaDescargas\/diputacion\/dipujaen\/Proteccion_Datos\/RESOL._1144_FIRMADA.pdf\" target=\"_blank\" rel=\"noopener\">Resoluci\u00f3n de nombramiento Delegado Protecci\u00f3n de Datos Diputaci\u00f3n Provincial de Ja\u00e9n (Resoluci\u00f3n n\u00ba 1144 de 16 de septiembre de 2021, documento PDF)<\/a><br \/>En cumplimiento del Real Decreto 311\/2022, de 3 de mayo, por el que se regula el\u00a0<strong>Esquema Nacional de Seguridad<\/strong>, se hace p\u00fablica la Pol\u00edtica de Seguridad que fue aprobada mediante Resoluci\u00f3n del Sr. Presidente n\u00ba 76, de 31 de enero de 2019.<\/p><p><a href=\"https:\/\/www.dipujaen.es\/export\/sites\/default\/galerias\/galeriaDescargas\/diputacion\/dipujaen\/Proteccion_Datos\/ENS_01_Politica_de_Seguridad_v1_2.pdf\" target=\"_blank\" rel=\"noopener\">Acceda al documento de Pol\u00edtica de Seguridad de Diputaci\u00f3n Provincial de Ja\u00e9n (PDF).<\/a><\/p><p>En desarrollo de la Pol\u00edtica de Seguridad\u00a0 de la Informaci\u00f3n de la Diputaci\u00f3n Provincial se nombra al\u00a0<strong>Comit\u00e9 de Seguridad de la Informaci\u00f3n<\/strong>, cuya composici\u00f3n fue aprobada por Resoluci\u00f3n del Sr. Presidente n\u00ba 436, de 15 de junio de 2022.<\/p><p><a href=\"https:\/\/www.dipujaen.es\/export\/sites\/default\/galerias\/galeriaDescargas\/diputacion\/dipujaen\/presidencia\/Resolucixn_nombramiento_Comitx_Seguridad.pdf\" target=\"_blank\" rel=\"noopener\">Documento sobre la composici\u00f3n del Comit\u00e9 de Seguridad de la Informaci\u00f3n (PDF).<\/a><\/p><p>En cumplimiento de los art\u00edculos 15 y siguientes del RGPD y de los art\u00edculos 12 y siguientes de la Ley Org\u00e1nica de Protecci\u00f3n de Datos Personales y Garannt\u00eda de los Derechos Digitales, la Diputaci\u00f3n Provincial de Ja\u00e9n publica los formularios para el\u00a0<strong>ejercicio de sus derechos frente al Responsable del tratamiento<\/strong>\u00a0de datos de car\u00e1cter personal:<\/p><p><a href=\"https:\/\/www.dipujaen.es\/export\/sites\/default\/galerias\/galeriaDescargas\/diputacion\/dipujaen\/Proteccion_Datos\/Dcho._Acceso.pdf\" target=\"_blank\" rel=\"noopener\">Derecho de acceso (Formulario PDF)<\/a><\/p><p><a href=\"https:\/\/www.dipujaen.es\/export\/sites\/default\/galerias\/galeriaDescargas\/diputacion\/dipujaen\/Proteccion_Datos\/Dcho._Rectificacion.pdf\" target=\"_blank\" rel=\"noopener\">Derecho de rectificaci\u00f3n (Formulario PDF)<\/a><\/p><p><a href=\"https:\/\/www.dipujaen.es\/export\/sites\/default\/galerias\/galeriaDescargas\/diputacion\/dipujaen\/Proteccion_Datos\/Dcho._Oposicion.pdf\" target=\"_blank\" rel=\"noopener\">Derecho de oposici\u00f3n (Formulario PDF)<\/a><\/p><p><a href=\"https:\/\/www.dipujaen.es\/export\/sites\/default\/galerias\/galeriaDescargas\/diputacion\/dipujaen\/Proteccion_Datos\/Dcho._Supresion.pdf\" target=\"_blank\" rel=\"noopener\">Derecho de supresi\u00f3n (\u00abal olvido\u00bb, Formulario PDF)<\/a><\/p><p><a href=\"https:\/\/www.dipujaen.es\/export\/sites\/default\/galerias\/galeriaDescargas\/diputacion\/dipujaen\/Proteccion_Datos\/Dcho._Limitacion_Tratamiento.pdf\" target=\"_blank\" rel=\"noopener\">Derecho a la limitaci\u00f3n del tratamiento (Formulario PDF)<\/a><\/p><p><a href=\"https:\/\/www.dipujaen.es\/export\/sites\/default\/galerias\/galeriaDescargas\/diputacion\/dipujaen\/Proteccion_Datos\/Dcho._Portabilidad.pdf\" target=\"_blank\" rel=\"noopener\">Derecho a la portabilidad (Formulario PDF)<\/a><\/p><p><a href=\"https:\/\/www.dipujaen.es\/export\/sites\/default\/galerias\/galeriaDescargas\/diputacion\/dipujaen\/Proteccion_Datos\/Dcho._Oposicion.pdf\" target=\"_blank\" rel=\"noopener\">Derecho a no ser objeto de decisiones individuales automatizadas (Formulario PDF)<\/a><\/p>\t\t\t\t\t\t\t\t<\/div>\n\t\t\t\t<\/div>\n\t\t\t\t\t<\/div>\n\t\t\t\t<\/div>\n\t\t\t\t<\/div>\n\t\t","protected":false},"excerpt":{"rendered":"<p>Protecci\u00f3n de datos Esta web puede ofertar servicios que requieren el suministro de datos de car\u00e1cter personal indic\u00e1ndose, en dicho caso, el uso y tratamiento de los mismos. Dichos datos ser\u00e1n utilizados en la forma, con la finalidad y con las limitaciones y derechos que recoge el Reglamento (UE) 2016\/679, del Parlamento Europeo y del [&hellip;]<\/p>\n","protected":false},"author":1,"featured_media":0,"parent":0,"menu_order":0,"comment_status":"closed","ping_status":"closed","template":"","meta":{"footnotes":""},"class_list":["post-3","page","type-page","status-publish","hentry"],"_links":{"self":[{"href":"https:\/\/www.dipujaen.es\/forolince\/wp-json\/wp\/v2\/pages\/3","targetHints":{"allow":["GET"]}}],"collection":[{"href":"https:\/\/www.dipujaen.es\/forolince\/wp-json\/wp\/v2\/pages"}],"about":[{"href":"https:\/\/www.dipujaen.es\/forolince\/wp-json\/wp\/v2\/types\/page"}],"author":[{"embeddable":true,"href":"https:\/\/www.dipujaen.es\/forolince\/wp-json\/wp\/v2\/users\/1"}],"replies":[{"embeddable":true,"href":"https:\/\/www.dipujaen.es\/forolince\/wp-json\/wp\/v2\/comments?post=3"}],"version-history":[{"count":26,"href":"https:\/\/www.dipujaen.es\/forolince\/wp-json\/wp\/v2\/pages\/3\/revisions"}],"predecessor-version":[{"id":1840,"href":"https:\/\/www.dipujaen.es\/forolince\/wp-json\/wp\/v2\/pages\/3\/revisions\/1840"}],"wp:attachment":[{"href":"https:\/\/www.dipujaen.es\/forolince\/wp-json\/wp\/v2\/media?parent=3"}],"curies":[{"name":"wp","href":"https:\/\/api.w.org\/{rel}","templated":true}]}}