{"id":291,"date":"2025-04-09T13:26:43","date_gmt":"2025-04-09T11:26:43","guid":{"rendered":"https:\/\/www.dipujaen.es\/forolince\/?page_id=291"},"modified":"2025-11-11T13:46:01","modified_gmt":"2025-11-11T12:46:01","slug":"declaracion-de-accesibilidad","status":"publish","type":"page","link":"https:\/\/www.dipujaen.es\/forolince\/declaracion-de-accesibilidad\/","title":{"rendered":"Declaraci\u00f3n de Accesibilidad"},"content":{"rendered":"\t\t<div data-elementor-type=\"wp-page\" data-elementor-id=\"291\" class=\"elementor elementor-291\" data-elementor-post-type=\"page\">\n\t\t\t\t<div class=\"elementor-element elementor-element-7542001c e-flex e-con-boxed e-con e-parent\" data-id=\"7542001c\" data-element_type=\"container\" data-e-type=\"container\">\n\t\t\t\t\t<div class=\"e-con-inner\">\n\t\t\t\t<div class=\"elementor-element elementor-element-25c41cbb elementor-widget elementor-widget-heading\" data-id=\"25c41cbb\" data-element_type=\"widget\" data-e-type=\"widget\" data-widget_type=\"heading.default\">\n\t\t\t\t<div class=\"elementor-widget-container\">\n\t\t\t\t\t<h1 class=\"elementor-heading-title elementor-size-default\">Declaraci\u00f3n de Accesibilidad<\/h1>\t\t\t\t<\/div>\n\t\t\t\t<\/div>\n\t\t\t\t<div class=\"elementor-element elementor-element-651e8f3d vineta elementor-widget elementor-widget-text-editor\" data-id=\"651e8f3d\" data-element_type=\"widget\" data-e-type=\"widget\" data-widget_type=\"text-editor.default\">\n\t\t\t\t<div class=\"elementor-widget-container\">\n\t\t\t\t\t\t\t\t\t<p><strong>Pol\u00edtica de accesibilidad<\/strong><\/p><p>Diputaci\u00f3n Provincial de Ja\u00e9n se ha comprometido a hacer accesibles sus sitios web\u00a0 de conformidad con el Real Decreto 1112\/2018, de 7 de septiembre, sobre accesibilidad de los sitios web y aplicaciones para dispositivos m\u00f3viles del sector p\u00fablico.<\/p><p>La presente declaraci\u00f3n de accesibilidad se aplica al sitio web\u00a0<u>www.dipujaen.es\/forolince\/<\/u> excluyendo los contenidos incrustados provenientes de otros dominios.<\/p><p><strong>Situaci\u00f3n de cumplimiento<\/strong><\/p><p>Este sitio web es Parcialmente conforme con el RD 1112\/2018 debido a la falta de conformidad de los aspectos que se indican a continuaci\u00f3n.<\/p><p><strong>Contenido no accesible<\/strong><\/p><p>El contenido que se recoge a continuaci\u00f3n no es accesible por los siguientes motivos:<\/p><ul><li>Falta de conformidad:<ul><li>Pueden existir algunas im\u00e1genes cuya alternativa no est\u00e9 implementada o no sea correcta \u2013 Requisito 9.1.1.1 Contenido no textual UNE-EN 301549:2022<\/li><li>Puede existir elementos de encabezado incorrectamente implementados, o cuyo orden l\u00f3gico no sea el correcto &#8211; Requisito n\u00famero 9.1.3.1 Informaci\u00f3n y relaciones de UNE-EN 301549:2022<\/li><li>En los formularios, puede haber campos que no se hayan facilitado su rellenado a trav\u00e9s de sistemas autom\u00e1ticos \u2013 Requisito 9.1.3.5 Identificar el prop\u00f3sito de la entrada UNE-EN 301549:2022<\/li><li>Puede haber elementos cuyo contraste no sea el suficiente en algunas p\u00e1ginas \u2013 Requisito 9.1.4.3 Contraste UNE-EN 301549:2020<\/li><li>No se puede redimensionar la p\u00e1gina o su contenido \u2013 Requisito 9.1.4.4 Cambio de tama\u00f1o de texto UNE-EN 301549:2020<\/li><li>Pueden existir im\u00e1genes que no ofrezcan un medio alternativo para transmitir toda su informaci\u00f3n \u2013 Requisito 9.1.4.5 Im\u00e1genes de texto UNE-EN 301549:2020<\/li><li>Pueden existir elementos no textuales cuya relaci\u00f3n de contraste sea insuficiente \u2013 Requisito 9.1.4.11 Contraste no textual UNE-EN 301549:2020<\/li><li>Puede existir elementos de la p\u00e1gina que no sean operables mediante teclado &#8211; Requisito n\u00famero 9.2.1.1 Teclado de UNE-EN 301549:2020<\/li><li>Pueden existir algunos enlaces cuya funci\u00f3n u objetivo no est\u00e9n correctamente definidos &#8211; Requisito n\u00famero 9.2.4.4 Prop\u00f3sito de los enlaces de UNE-EN 301549:2020<\/li><li>Pueden existir encabezados que no sean claros o breves, o que no deber\u00edan ser encabezados \u2013 Requisito n\u00famero 9.2.4.6 Encabezados y etiquetas de UNE-EN 301549:2022<\/li><li>Puede haber campos de formulario donde su etiqueta no sea correcta o no exista \u2013 Requisito n\u00famero 9.3.3.2 Etiquetas o instrucciones de UNE-EN 301549:2022<\/li><li>El formulario de compra no avisa de que haya campos incorrectos o sin rellenar &#8211; Requisito n\u00famero 9.3.3.3 Sugerencias ante errores de UNE-EN 301549:2020<\/li><li>Pueden existir algunos errores de parseo en el c\u00f3digo &#8211; Requisito n\u00famero 9.4.1.1 Procesamiento de UNE-EN 301549:2022<\/li><li>Pueden existir elementos cuyo nombre, funci\u00f3n o valor no se encuentren debidamente definidos \u2013 Requisito n\u00famero 9.4.1.2 Nombre, funci\u00f3n, valor de UNE-EN 301549:2022<\/li><li>Podr\u00edan existir fallos puntuales de edici\u00f3n en alguna p\u00e1gina web.<\/li><\/ul><\/li><li>Carga desproporcionada: No resulta aplicable.<\/li><li>El contenido no entra dentro del \u00e1mbito de la legislaci\u00f3n aplicable.<\/li><\/ul><p>Podr\u00edan existir archivos ofim\u00e1ticos en PDF u otros formatos publicados antes del 20 de septiembre de 2018 que no cumplan en su totalidad todos los requisitos de accesibilidad.<br \/>Puede haber contenidos de terceros que no est\u00e9n desarrollados en esta Unidad, ni bajo su control, como archivos ofim\u00e1ticos de diferentes organismos que deban publicarse en este sitio.<\/p><p>\u00a0<\/p><p><strong>Preparaci\u00f3n de la presente declaraci\u00f3n de accesibilidad<\/strong><\/p><p>La presente declaraci\u00f3n fue preparada el 23\/10\/2025.<\/p><p>El m\u00e9todo empleado para preparar la declaraci\u00f3n ha sido una autoevaluaci\u00f3n externa llevada a cabo por la empresa colaboradora.<\/p><p>\u00daltima revisi\u00f3n de la declaraci\u00f3n: 23\/10\/2025.<\/p><p><strong>Observaciones y datos de contacto<\/strong><\/p><p><strong>Preparaci\u00f3n de la presente declaraci\u00f3n de accesibilidad<\/strong><\/p><p>Puede realizar comunicaciones sobre requisitos de accesibilidad [art\u00edculo 10.2.a) del RD 1112\/2018] como, por ejemplo<\/p><p>\u00a0<\/p><ul><li>Informar sobre cualquier posible incumplimiento por parte de este sitio web.<\/li><li>Transmitir otras dificultades de acceso al contenido.<\/li><\/ul><ul><li>Formular cualquier otra consulta o sugerencia de mejora relativa a la accesibilidad del sitio web a trav\u00e9s del siguiente\u00a0siguiente<a href=\"https:\/\/www.dipujaen.es\/accesibilidad_contacto.html\"><strong>\u00a0formulario de contacto<\/strong><\/a>\u00a0o llamando al tel\u00e9fono 953 24 80 00; ext. 1270 de 9 a 14 horas de lunes a viernes<\/li><\/ul><p>\u00a0<\/p><p>\u00a0Puede presentar:<\/p><ul><li>Una queja relativa al cumplimiento de los requisitos del RD 1112\/2018<\/li><li>Una solicitud de informaci\u00f3n accesible relativa a:<\/li><\/ul><p>\u00a0<\/p><ul><li>Contenidos que est\u00e1n excluidos del \u00e1mbito de aplicaci\u00f3n del RD 1112\/2018 seg\u00fan lo establecido por el art\u00edculo 3, apartado 4.<\/li><li>Contenidos que est\u00e1n exentos del cumplimiento de los requisitos de accesibilidad por imponer una carga desproporcionada.<\/li><\/ul><p>En la solicitud de informaci\u00f3n accesible, se debe concretar, con toda claridad, los hechos, razones y petici\u00f3n que permitan constatar que se trata de una solicitud razonable y leg\u00edtima.<\/p><p><a href=\"https:\/\/sede.dipujaen.es\/QuejasSugerencias\"><strong>Acceso al tr\u00e1mite\u00a0<\/strong><\/a><\/p><p>\u00a0Diputaci\u00f3n Provincial de Ja\u00e9n trabaja para garantizar que todos los ciudadanos, -con especial atenci\u00f3n a las personas con alg\u00fan tipo de discapacidad y mayores-, que se\u00a0relacionen con Diputaci\u00f3n de Ja\u00e9n a trav\u00e9s de los portales webs y sedes electr\u00f3nicas impulsados por la instituci\u00f3n provincial puedan acceder a la informaci\u00f3n y los servicios electr\u00f3nicos en igualdad de condiciones, con independencia de sus circunstancias personales, medios y conocimientos.\u00a0<\/p>\t\t\t\t\t\t\t\t<\/div>\n\t\t\t\t<\/div>\n\t\t\t\t\t<\/div>\n\t\t\t\t<\/div>\n\t\t\t\t<\/div>\n\t\t","protected":false},"excerpt":{"rendered":"<p>Declaraci\u00f3n de Accesibilidad Pol\u00edtica de accesibilidad Diputaci\u00f3n Provincial de Ja\u00e9n se ha comprometido a hacer accesibles sus sitios web\u00a0 de conformidad con el Real Decreto 1112\/2018, de 7 de septiembre, sobre accesibilidad de los sitios web y aplicaciones para dispositivos m\u00f3viles del sector p\u00fablico. La presente declaraci\u00f3n de accesibilidad se aplica al sitio web\u00a0www.dipujaen.es\/forolince\/ excluyendo [&hellip;]<\/p>\n","protected":false},"author":1,"featured_media":0,"parent":0,"menu_order":0,"comment_status":"closed","ping_status":"closed","template":"","meta":{"footnotes":""},"class_list":["post-291","page","type-page","status-publish","hentry"],"_links":{"self":[{"href":"https:\/\/www.dipujaen.es\/forolince\/wp-json\/wp\/v2\/pages\/291","targetHints":{"allow":["GET"]}}],"collection":[{"href":"https:\/\/www.dipujaen.es\/forolince\/wp-json\/wp\/v2\/pages"}],"about":[{"href":"https:\/\/www.dipujaen.es\/forolince\/wp-json\/wp\/v2\/types\/page"}],"author":[{"embeddable":true,"href":"https:\/\/www.dipujaen.es\/forolince\/wp-json\/wp\/v2\/users\/1"}],"replies":[{"embeddable":true,"href":"https:\/\/www.dipujaen.es\/forolince\/wp-json\/wp\/v2\/comments?post=291"}],"version-history":[{"count":28,"href":"https:\/\/www.dipujaen.es\/forolince\/wp-json\/wp\/v2\/pages\/291\/revisions"}],"predecessor-version":[{"id":1849,"href":"https:\/\/www.dipujaen.es\/forolince\/wp-json\/wp\/v2\/pages\/291\/revisions\/1849"}],"wp:attachment":[{"href":"https:\/\/www.dipujaen.es\/forolince\/wp-json\/wp\/v2\/media?parent=291"}],"curies":[{"name":"wp","href":"https:\/\/api.w.org\/{rel}","templated":true}]}}