{"id":275,"date":"2025-04-09T13:18:12","date_gmt":"2025-04-09T11:18:12","guid":{"rendered":"https:\/\/www.dipujaen.es\/forolince\/?page_id=275"},"modified":"2025-11-11T13:44:44","modified_gmt":"2025-11-11T12:44:44","slug":"politica-de-cookies","status":"publish","type":"page","link":"https:\/\/www.dipujaen.es\/forolince\/politica-de-cookies\/","title":{"rendered":"Pol\u00edtica de Cookies"},"content":{"rendered":"\t\t<div data-elementor-type=\"wp-page\" data-elementor-id=\"275\" class=\"elementor elementor-275\" data-elementor-post-type=\"page\">\n\t\t\t\t<div class=\"elementor-element elementor-element-467d6cc5 e-flex e-con-boxed e-con e-parent\" data-id=\"467d6cc5\" data-element_type=\"container\" data-e-type=\"container\">\n\t\t\t\t\t<div class=\"e-con-inner\">\n\t\t\t\t<div class=\"elementor-element elementor-element-6553fb29 elementor-widget elementor-widget-heading\" data-id=\"6553fb29\" data-element_type=\"widget\" data-e-type=\"widget\" data-widget_type=\"heading.default\">\n\t\t\t\t<div class=\"elementor-widget-container\">\n\t\t\t\t\t<h1 class=\"elementor-heading-title elementor-size-default\">Pol\u00edtica de Cookies<\/h1>\t\t\t\t<\/div>\n\t\t\t\t<\/div>\n\t\t\t\t<div class=\"elementor-element elementor-element-3f8335f2 elementor-widget elementor-widget-text-editor\" data-id=\"3f8335f2\" data-element_type=\"widget\" data-e-type=\"widget\" data-widget_type=\"text-editor.default\">\n\t\t\t\t<div class=\"elementor-widget-container\">\n\t\t\t\t\t\t\t\t\t<div class=\"et_pb_module et_pb_text et_pb_text_1 et_pb_text_align_left et_pb_bg_layout_light\"><div class=\"et_pb_text_inner\"><div class=\"et_pb_module et_pb_text et_pb_text_1 et_pb_text_align_left et_pb_bg_layout_light\"><div class=\"et_pb_text_inner\"><h2>\u00bfQu\u00e9 son las Cookies?<\/h2><p>Las cookies son peque\u00f1os fragmentos de informaci\u00f3n que se generan en un sitio web y se almacenan en el navegador del usuario. Esta informaci\u00f3n se emplea generalmente para consultar la actividad previa del usuario, consultar sus h\u00e1bitos de navegaci\u00f3n (dentro del sitio web d\u00f3nde se genera la cookie) y agilizar\/facilitar as\u00ed ciertas tareas como por ejemplo la autenticaci\u00f3n y seguridad en el sitio.<\/p><h2>\u00bfQu\u00e9 tipo de Cookies usa esta web?<\/h2><p>En esta web se utilizan los siguientes tipos:<\/p><p>Cookies t\u00e9cnicas: son aqu\u00e9llas que permiten al usuario la navegaci\u00f3n a trav\u00e9s de la p\u00e1gina web o aplicaci\u00f3n y la utilizaci\u00f3n de las diferentes opciones o servicios que en ella existen. Por ejemplo, controlar el tr\u00e1fico y la comunicaci\u00f3n de datos, identificar la sesi\u00f3n, acceder a los contenidos y secciones de acceso restringido, realizar una solicitud de inscripci\u00f3n, etc. Si se deshabilitan las cookies no se podr\u00e1 acceder a estas secciones. Una vez finalizada la sesi\u00f3n, pueden ser eliminadas sin problema.<br \/>Cookies de an\u00e1lisis: se utilizan para medir y analizar la navegaci\u00f3n de los usuarios con idea de mejorar los contenidos y servicios prestados. No se obtiene informaci\u00f3n personal del usuario, s\u00f3lo informaci\u00f3n an\u00f3nima de car\u00e1cter estad\u00edstico tales como el n\u00famero de usuarios, n\u00famero de p\u00e1ginas visitadas, frecuencia y repetici\u00f3n de las visitas, duraci\u00f3n, navegador utilizado, operador, idioma de navegaci\u00f3n o la direcci\u00f3n IP de origen del equipo. Esta p\u00e1gina web utiliza <a href=\"https:\/\/analytics.google.com\/analytics\">Google Analytics<\/a>, un servicio de anal\u00edtica web desarrollado por Google. Si se deshabilitan las cookies, no se realizar\u00e1 ning\u00fan an\u00e1lisis estad\u00edstico de dichos datos.<br \/>Cookies de terceros: se emplean para proporcionar servicios de terceros dentro de la p\u00e1gina web. Esta web hace uso de los servicios a terceros de redes sociales como Facebook o Twitter entre otras para publicar en ellas contenido directamente desde la p\u00e1gina web.<\/p><p>En ninguna de las cookies anteriores se almacena informaci\u00f3n que permita identificar al usuario, tal como nombres, apellidos o direcci\u00f3n de correo electr\u00f3nico o postal, ni se utilizan para obtener o acceder ning\u00fan tipo de informaci\u00f3n personal del usuario.<br \/>\u00bfC\u00f3mo puedo impedir que se usen las Cookies?<\/p><p>Se puede configurar el navegador del usuario para que no utilice cookies o que informe cuando se instale alguna en el equipo. Esta configuraci\u00f3n depende del navegador y ser\u00e1 necesario consultar la informaci\u00f3n espec\u00edfica del mismo para saber c\u00f3mo autorizar, bloquear o eliminarlas del navegador. A continuaci\u00f3n presentamos enlaces a las p\u00e1ginas de ayuda sobre la gesti\u00f3n de cookies de los principales navegadores:<\/p><p>Internet Explorer<br \/>Google Chrome<br \/>Mozilla Firefox<br \/>Safari<br \/>Opera<\/p><\/div><\/div><div class=\"et_pb_module et_pb_text et_pb_text_2 et_pb_text_align_left et_pb_bg_layout_light\"><div class=\"et_pb_text_inner\"><p>Seg\u00fan establece la Agencia General de Protecci\u00f3n de Datos, las siguientes son las clases de cookies que pueden usarse y se categorizan:<\/p><p><strong>\u2013 Cookies propias o de terceros:<\/strong> se trata de cookies propias cuando \u00e9stas se administran desde el dominio de un webmaster determinado, titular de las mismas, a efectos legales. Por el contrario, las cookies de terceros est\u00e1n gestionadas por otra entidad ajena al editor, con una finalidad anal\u00edtica o de cualquier otro tipo.<\/p><p><strong>\u2013 Cookies persistentes y de sesi\u00f3n:<\/strong> cuando se trata de cookies de sesi\u00f3n, la informaci\u00f3n registrada solo se utiliza durante el tiempo que el usuario navega por la p\u00e1gina web. Los marcadores persistentes se almacenan de forma continuada con el fin de acceder a ellos cuando sea necesario.<\/p><p><strong>\u2013 Cookies t\u00e9cnicas, de personalizaci\u00f3n, de an\u00e1lisis y publicitarias:<\/strong> siguiendo el orden indicado, las t\u00e9cnicas est\u00e1n destinadas a supervisar el tr\u00e1fico y a extraer informaci\u00f3n en t\u00e9rminos de comunicaci\u00f3n de datos. Las cookies de personalizaci\u00f3n tienen la funci\u00f3n de generar una experiencia on page personalizada y adaptada a su idioma, por ejemplo. An\u00e1lisis: los datos registrados sirven para conocer el comportamiento de los usuarios y establecer un perfil de visitante tipo. Finalmente, las cookies publicitarias aplican en la administraci\u00f3n de espacios destinados a la promoci\u00f3n de productos o servicios.<\/p><\/div><\/div><\/div><\/div>\t\t\t\t\t\t\t\t<\/div>\n\t\t\t\t<\/div>\n\t\t\t\t\t<\/div>\n\t\t\t\t<\/div>\n\t\t\t\t<\/div>\n\t\t","protected":false},"excerpt":{"rendered":"<p>Pol\u00edtica de Cookies \u00bfQu\u00e9 son las Cookies? Las cookies son peque\u00f1os fragmentos de informaci\u00f3n que se generan en un sitio web y se almacenan en el navegador del usuario. Esta informaci\u00f3n se emplea generalmente para consultar la actividad previa del usuario, consultar sus h\u00e1bitos de navegaci\u00f3n (dentro del sitio web d\u00f3nde se genera la cookie) [&hellip;]<\/p>\n","protected":false},"author":1,"featured_media":0,"parent":0,"menu_order":0,"comment_status":"closed","ping_status":"closed","template":"","meta":{"footnotes":""},"class_list":["post-275","page","type-page","status-publish","hentry"],"_links":{"self":[{"href":"https:\/\/www.dipujaen.es\/forolince\/wp-json\/wp\/v2\/pages\/275","targetHints":{"allow":["GET"]}}],"collection":[{"href":"https:\/\/www.dipujaen.es\/forolince\/wp-json\/wp\/v2\/pages"}],"about":[{"href":"https:\/\/www.dipujaen.es\/forolince\/wp-json\/wp\/v2\/types\/page"}],"author":[{"embeddable":true,"href":"https:\/\/www.dipujaen.es\/forolince\/wp-json\/wp\/v2\/users\/1"}],"replies":[{"embeddable":true,"href":"https:\/\/www.dipujaen.es\/forolince\/wp-json\/wp\/v2\/comments?post=275"}],"version-history":[{"count":10,"href":"https:\/\/www.dipujaen.es\/forolince\/wp-json\/wp\/v2\/pages\/275\/revisions"}],"predecessor-version":[{"id":1843,"href":"https:\/\/www.dipujaen.es\/forolince\/wp-json\/wp\/v2\/pages\/275\/revisions\/1843"}],"wp:attachment":[{"href":"https:\/\/www.dipujaen.es\/forolince\/wp-json\/wp\/v2\/media?parent=275"}],"curies":[{"name":"wp","href":"https:\/\/api.w.org\/{rel}","templated":true}]}}